{"id":30340,"date":"2024-06-03T16:01:00","date_gmt":"2024-06-03T16:01:00","guid":{"rendered":"https:\/\/lincolnmpg.com\/?page_id=30340"},"modified":"2025-06-20T19:23:20","modified_gmt":"2025-06-20T19:23:20","slug":"servicios","status":"publish","type":"page","link":"https:\/\/lincolnmpg.com\/es_mx\/servicios\/","title":{"rendered":"Servicios"},"content":{"rendered":"\t\t<div data-elementor-type=\"wp-page\" data-elementor-id=\"30340\" class=\"elementor elementor-30340\">\n\t\t\t\t\t\t<section class=\"elementor-section elementor-top-section elementor-element elementor-element-51de772 elementor-section-boxed elementor-section-height-default elementor-section-height-default sc_fly_static\" data-id=\"51de772\" data-element_type=\"section\" data-e-type=\"section\">\n\t\t\t\t\t\t<div class=\"elementor-container elementor-column-gap-extended\">\n\t\t\t\t\t<div class=\"elementor-column elementor-col-100 elementor-top-column elementor-element elementor-element-a2cf041 sc_content_align_inherit sc_layouts_column_icons_position_left sc_fly_static\" data-id=\"a2cf041\" data-element_type=\"column\" data-e-type=\"column\">\n\t\t\t<div class=\"elementor-widget-wrap elementor-element-populated\">\n\t\t\t\t\t\t<div class=\"elementor-element elementor-element-5426956 sc_height_huge sc_fly_static elementor-widget elementor-widget-spacer\" data-id=\"5426956\" data-element_type=\"widget\" data-e-type=\"widget\" data-widget_type=\"spacer.default\">\n\t\t\t\t<div class=\"elementor-widget-container\">\n\t\t\t\t\t\t\t<div class=\"elementor-spacer\">\n\t\t\t<div class=\"elementor-spacer-inner\"><\/div>\n\t\t<\/div>\n\t\t\t\t\t\t<\/div>\n\t\t\t\t<\/div>\n\t\t\t\t<div class=\"elementor-element elementor-element-6840b95 elementor-widget__width-initial sc_fly_static elementor-widget elementor-widget-trx_sc_title\" data-id=\"6840b95\" data-element_type=\"widget\" data-e-type=\"widget\" data-widget_type=\"trx_sc_title.default\">\n\t\t\t\t<div class=\"elementor-widget-container\">\n\t\t\t\t\t<div\t\tclass=\"sc_title sc_title_default\" ><span class=\"sc_item_subtitle sc_title_subtitle sc_item_subtitle_above sc_item_title_style_default\">Nuestro<\/span><h1 class=\"sc_item_title sc_title_title sc_item_title_style_default sc_item_title_tag\"\n\t\t\t><span class=\"sc_item_title_text\">Proceso<\/span><\/h1><\/div>\t\t\t\t<\/div>\n\t\t\t\t<\/div>\n\t\t\t\t<div class=\"elementor-element elementor-element-d8a9d3d sc_height_medium sc_fly_static elementor-widget elementor-widget-spacer\" data-id=\"d8a9d3d\" data-element_type=\"widget\" data-e-type=\"widget\" data-widget_type=\"spacer.default\">\n\t\t\t\t<div class=\"elementor-widget-container\">\n\t\t\t\t\t\t\t<div class=\"elementor-spacer\">\n\t\t\t<div class=\"elementor-spacer-inner\"><\/div>\n\t\t<\/div>\n\t\t\t\t\t\t<\/div>\n\t\t\t\t<\/div>\n\t\t\t\t<div class=\"elementor-element elementor-element-bee84ed sc_fly_static elementor-widget elementor-widget-trx_sc_services\" data-id=\"bee84ed\" data-element_type=\"widget\" data-e-type=\"widget\" data-widget_type=\"trx_sc_services.default\">\n\t\t\t\t<div class=\"elementor-widget-container\">\n\t\t\t\t\t<div class=\"sc_services sc_services_qw-nodes sc_services_featured_top\"><div  class=\"sc_services_slider sc_item_slider slider_swiper_outer slider_outer slider_outer_nocontrols slider_outer_nopagination slider_outer_nocentered slider_outer_overflow_hidden slider_outer_multi\">\n\t<div  data-slides-per-view-breakpoints=\"{&quot;767&quot;:2,&quot;999999&quot;:3}\" data-slides-space-breakpoints=\"{&quot;999999&quot;:30}\" class=\"slider_container swiper-slider-container slider_swiper slider_noresize slider_nocontrols slider_nopagination slider_nocentered slider_overflow_hidden slider_multi\" data-slides-per-view=\"3\" data-slides-space=\"30\" data-effect=\"slide\" data-slides-min-width=\"200\" data-pagination=\"bullets\" data-direction=\"horizontal\" data-mouse-wheel=\"0\" data-autoplay=\"1\" data-loop=\"1\" data-free-mode=\"0\" data-slides-centered=\"0\" data-slides-overflow=\"0\">\n\t\t<div class=\"slides slider-wrapper swiper-wrapper sc_item_columns_3\"><div class=\"slider-slide swiper-slide\"><div data-post-id=\"12551\" class=\"sc_services_item sc_item_container post_container no_links with_content with_icon sc_services_item_featured_top post-12551 cpt_services type-cpt_services status-publish has-post-thumbnail hentry cpt_services_group-features\"><div class=\"sc_services_item_timeline\"><\/div><span\t\t\tclass=\"sc_services_item_marker sc_services_item_icon sc_icon_type_icons icon-new-meeting\"><\/span>\t\n\t<div class=\"sc_services_item_info\">\n\t\t\t\t<div class=\"sc_services_item_header\">\n\t\t\t\t\t\t<h4 class=\"sc_services_item_title entry-title\">1. An\u00e1lisis y dise\u00f1o<\/h4><\/div><div class=\"sc_services_item_text\"><p>Entendemos tu necesidad y desarrollamos la soluci\u00f3n ideal.<\/p>\n<\/div><\/div>\n<\/div><\/div><div class=\"slider-slide swiper-slide\"><div data-post-id=\"29143\" class=\"sc_services_item sc_item_container post_container no_links with_content with_icon sc_services_item_featured_top post-29143 cpt_services type-cpt_services status-publish has-post-thumbnail hentry cpt_services_group-features\"><div class=\"sc_services_item_timeline\"><\/div><span\t\t\tclass=\"sc_services_item_marker sc_services_item_icon sc_icon_type_icons icon-free-icon-sewing-machine\"><\/span>\t\n\t<div class=\"sc_services_item_info\">\n\t\t\t\t<div class=\"sc_services_item_header\">\n\t\t\t\t\t\t<h4 class=\"sc_services_item_title entry-title\">2. Fabricaci\u00f3n avanzada<\/h4><\/div><div class=\"sc_services_item_text\"><p>Utilizamos procesos como CNC, soldadura especializada y corte Water Jet.<\/p>\n<\/div><\/div>\n<\/div><\/div><div class=\"slider-slide swiper-slide\"><div data-post-id=\"29142\" class=\"sc_services_item sc_item_container post_container no_links with_content with_icon sc_services_item_featured_top post-29142 cpt_services type-cpt_services status-publish has-post-thumbnail hentry cpt_services_group-features\"><div class=\"sc_services_item_timeline\"><\/div><span\t\t\tclass=\"sc_services_item_marker sc_services_item_icon sc_icon_type_icons icon-checkbox\"><\/span>\t\n\t<div class=\"sc_services_item_info\">\n\t\t\t\t<div class=\"sc_services_item_header\">\n\t\t\t\t\t\t<h4 class=\"sc_services_item_title entry-title\">3. Control de calidad<\/h4><\/div><div class=\"sc_services_item_text\"><p>Supervisi\u00f3n bajo est\u00e1ndares industriales (AWS, ISO, ASME).<\/p>\n<\/div><\/div>\n<\/div><\/div><div class=\"slider-slide swiper-slide\"><div data-post-id=\"29140\" class=\"sc_services_item sc_item_container post_container no_links with_content with_icon sc_services_item_featured_top post-29140 cpt_services type-cpt_services status-publish has-post-thumbnail hentry cpt_services_group-features\"><div class=\"sc_services_item_timeline\"><\/div><span\t\t\tclass=\"sc_services_item_marker sc_services_item_icon sc_icon_type_icons icon-delivery\"><\/span>\t\n\t<div class=\"sc_services_item_info\">\n\t\t\t\t<div class=\"sc_services_item_header\">\n\t\t\t\t\t\t<h4 class=\"sc_services_item_title entry-title\">4. Entrega y soporte<\/h4><\/div><div class=\"sc_services_item_text\"><p>Piezas listas para integrar y soporte en sitio si lo necesitas.<\/p>\n<\/div><\/div>\n<\/div><\/div><\/div><\/div><\/div><\/div>\t\t\t\t<\/div>\n\t\t\t\t<\/div>\n\t\t\t\t<div class=\"elementor-element elementor-element-1d01a57 sc_height_large sc_fly_static elementor-widget elementor-widget-spacer\" data-id=\"1d01a57\" data-element_type=\"widget\" data-e-type=\"widget\" data-widget_type=\"spacer.default\">\n\t\t\t\t<div class=\"elementor-widget-container\">\n\t\t\t\t\t\t\t<div class=\"elementor-spacer\">\n\t\t\t<div class=\"elementor-spacer-inner\"><\/div>\n\t\t<\/div>\n\t\t\t\t\t\t<\/div>\n\t\t\t\t<\/div>\n\t\t\t\t\t<\/div>\n\t\t<\/div>\n\t\t\t\t\t<\/div>\n\t\t<\/section>\n\t\t\t\t<section data-stack-section-effect-duration=\"1\" data-stack-section-zoom-value=\"0.8\" data-stack-section-transparency-value=\"0\" data-stack-section-blur-value=\"10\" class=\"elementor-section elementor-top-section elementor-element elementor-element-41c09d91 elementor-section-full_width elementor-section-height-min-height elementor-section-items-stretch sc_stack_section_on sc_stack_section_zoom_on elementor-section-height-default sc_fly_static sc_stack_section_effect_slide\" data-id=\"41c09d91\" data-element_type=\"section\" data-e-type=\"section\">\n\t\t\t\t\t\t<div class=\"elementor-container elementor-column-gap-no\">\n\t\t\t\t\t<div class=\"elementor-column elementor-col-50 elementor-top-column elementor-element elementor-element-2be50129 sc_content_align_inherit sc_layouts_column_icons_position_left sc_fly_static\" data-id=\"2be50129\" data-element_type=\"column\" data-e-type=\"column\" data-settings=\"{&quot;background_background&quot;:&quot;classic&quot;}\">\n\t\t\t<div class=\"elementor-widget-wrap elementor-element-populated\">\n\t\t\t\t\t\t<div class=\"elementor-element elementor-element-584af947 sc_fly_static elementor-widget elementor-widget-spacer\" data-id=\"584af947\" data-element_type=\"widget\" data-e-type=\"widget\" data-widget_type=\"spacer.default\">\n\t\t\t\t<div class=\"elementor-widget-container\">\n\t\t\t\t\t\t\t<div class=\"elementor-spacer\">\n\t\t\t<div class=\"elementor-spacer-inner\"><\/div>\n\t\t<\/div>\n\t\t\t\t\t\t<\/div>\n\t\t\t\t<\/div>\n\t\t\t\t\t<\/div>\n\t\t<\/div>\n\t\t\t\t<div class=\"elementor-column elementor-col-50 elementor-top-column elementor-element elementor-element-7ad66ddc scheme_light sc_content_align_inherit sc_layouts_column_icons_position_left sc_fly_static\" data-id=\"7ad66ddc\" data-element_type=\"column\" data-e-type=\"column\" data-settings=\"{&quot;background_background&quot;:&quot;classic&quot;}\">\n\t\t\t<div class=\"elementor-widget-wrap elementor-element-populated\">\n\t\t\t\t\t\t<div class=\"elementor-element elementor-element-37aaa707 sc_fly_static elementor-widget elementor-widget-heading\" data-id=\"37aaa707\" data-element_type=\"widget\" data-e-type=\"widget\" data-widget_type=\"heading.default\">\n\t\t\t\t<div class=\"elementor-widget-container\">\n\t\t\t\t\t<h5 class=\"elementor-heading-title elementor-size-default\">01<\/h5>\t\t\t\t<\/div>\n\t\t\t\t<\/div>\n\t\t\t\t<div class=\"elementor-element elementor-element-41bb62ab sc_fly_static elementor-widget elementor-widget-trx_sc_title\" data-id=\"41bb62ab\" data-element_type=\"widget\" data-e-type=\"widget\" data-widget_type=\"trx_sc_title.default\">\n\t\t\t\t<div class=\"elementor-widget-container\">\n\t\t\t\t\t<div\t\tclass=\"sc_title sc_title_default\" ><span class=\"sc_item_subtitle sc_title_subtitle sc_item_subtitle_above sc_item_title_style_default sc_item_subtitle_with_custom_color trx_addons_inline_741230448\"> metalurgia<\/span><h1 class=\"sc_item_title sc_title_title sc_item_title_style_default sc_item_title_tag trx_addons_inline_649807040\"\n\t\t\t><span class=\"sc_item_title_text\">Dise\u00f1o e ingenier\u00eda<\/span><\/h1><div class=\"sc_item_descr sc_title_descr sc_item_descr_with_custom_color trx_addons_inline_1676316806\"><p>Dise\u00f1os a medida con tecnolog\u00eda 3D<\/p>\n<\/div><\/div>\t\t\t\t<\/div>\n\t\t\t\t<\/div>\n\t\t\t\t<div class=\"elementor-element elementor-element-3c3036a9 sc_fly_static elementor-widget elementor-widget-trx_sc_button\" data-id=\"3c3036a9\" data-element_type=\"widget\" data-e-type=\"widget\" data-widget_type=\"trx_sc_button.default\">\n\t\t\t\t<div class=\"elementor-widget-container\">\n\t\t\t\t\t<div\tclass=\"sc_item_button sc_button_wrap\" ><a href=\"https:\/\/lincolnmpg.com\/portfolio\/diseno\/\" class=\"sc_button sc_button_simple sc_button_size_normal sc_button_icon_left color_style_dark\" ><span class=\"sc_button_text\"><span class=\"sc_button_title\">Saber m\u00e1s<\/span><\/span><\/a><\/div>\t\t\t\t<\/div>\n\t\t\t\t<\/div>\n\t\t\t\t\t<\/div>\n\t\t<\/div>\n\t\t\t\t\t<\/div>\n\t\t<\/section>\n\t\t\t\t<section data-stack-section-effect-duration=\"1\" data-stack-section-zoom-value=\"0.8\" data-stack-section-transparency-value=\"0\" data-stack-section-blur-value=\"10\" class=\"elementor-section elementor-top-section elementor-element elementor-element-4cdf8dd4 elementor-section-full_width elementor-section-height-min-height elementor-section-items-stretch sc_stack_section_on sc_stack_section_zoom_on elementor-section-height-default sc_fly_static sc_stack_section_effect_slide\" data-id=\"4cdf8dd4\" data-element_type=\"section\" data-e-type=\"section\">\n\t\t\t\t\t\t<div class=\"elementor-container elementor-column-gap-no\">\n\t\t\t\t\t<div class=\"elementor-column elementor-col-50 elementor-top-column elementor-element elementor-element-59def352 sc_content_align_inherit sc_layouts_column_icons_position_left sc_fly_static\" data-id=\"59def352\" data-element_type=\"column\" data-e-type=\"column\" data-settings=\"{&quot;background_background&quot;:&quot;classic&quot;}\">\n\t\t\t<div class=\"elementor-widget-wrap elementor-element-populated\">\n\t\t\t\t\t\t<div class=\"elementor-element elementor-element-4257d546 sc_fly_static elementor-widget elementor-widget-spacer\" data-id=\"4257d546\" data-element_type=\"widget\" data-e-type=\"widget\" data-widget_type=\"spacer.default\">\n\t\t\t\t<div class=\"elementor-widget-container\">\n\t\t\t\t\t\t\t<div class=\"elementor-spacer\">\n\t\t\t<div class=\"elementor-spacer-inner\"><\/div>\n\t\t<\/div>\n\t\t\t\t\t\t<\/div>\n\t\t\t\t<\/div>\n\t\t\t\t\t<\/div>\n\t\t<\/div>\n\t\t\t\t<div class=\"elementor-column elementor-col-50 elementor-top-column elementor-element elementor-element-5fa18796 scheme_light sc_content_align_inherit sc_layouts_column_icons_position_left sc_fly_static\" data-id=\"5fa18796\" data-element_type=\"column\" data-e-type=\"column\" data-settings=\"{&quot;background_background&quot;:&quot;classic&quot;}\">\n\t\t\t<div class=\"elementor-widget-wrap elementor-element-populated\">\n\t\t\t\t\t\t<div class=\"elementor-element elementor-element-78c3d509 sc_fly_static elementor-widget elementor-widget-heading\" data-id=\"78c3d509\" data-element_type=\"widget\" data-e-type=\"widget\" data-widget_type=\"heading.default\">\n\t\t\t\t<div class=\"elementor-widget-container\">\n\t\t\t\t\t<h5 class=\"elementor-heading-title elementor-size-default\">02<\/h5>\t\t\t\t<\/div>\n\t\t\t\t<\/div>\n\t\t\t\t<div class=\"elementor-element elementor-element-9f8bde0 sc_fly_static elementor-widget elementor-widget-trx_sc_title\" data-id=\"9f8bde0\" data-element_type=\"widget\" data-e-type=\"widget\" data-widget_type=\"trx_sc_title.default\">\n\t\t\t\t<div class=\"elementor-widget-container\">\n\t\t\t\t\t<div\t\tclass=\"sc_title sc_title_default\" ><span class=\"sc_item_subtitle sc_title_subtitle sc_item_subtitle_above sc_item_title_style_default sc_item_subtitle_with_custom_color trx_addons_inline_41224716\">Metalurgia<\/span><h1 class=\"sc_item_title sc_title_title sc_item_title_style_default sc_item_title_tag trx_addons_inline_1566707581\"\n\t\t\t><span class=\"sc_item_title_text\">Soldadura<\/span><\/h1><div class=\"sc_item_descr sc_title_descr sc_item_descr_with_custom_color trx_addons_inline_749759080\"><p>Soldadura precisa en todo tipo de materiales<\/p>\n<\/div><\/div>\t\t\t\t<\/div>\n\t\t\t\t<\/div>\n\t\t\t\t<div class=\"elementor-element elementor-element-4ef52db2 sc_fly_static elementor-widget elementor-widget-trx_sc_button\" data-id=\"4ef52db2\" data-element_type=\"widget\" data-e-type=\"widget\" data-widget_type=\"trx_sc_button.default\">\n\t\t\t\t<div class=\"elementor-widget-container\">\n\t\t\t\t\t<div\tclass=\"sc_item_button sc_button_wrap\" ><a href=\"https:\/\/lincolnmpg.com\/portfolio\/soldadura\/\" class=\"sc_button sc_button_simple sc_button_size_normal sc_button_icon_left color_style_dark\" ><span class=\"sc_button_text\"><span class=\"sc_button_title\">Saber m\u00e1s<\/span><\/span><\/a><\/div>\t\t\t\t<\/div>\n\t\t\t\t<\/div>\n\t\t\t\t\t<\/div>\n\t\t<\/div>\n\t\t\t\t\t<\/div>\n\t\t<\/section>\n\t\t\t\t<section data-stack-section-effect-duration=\"1\" data-stack-section-zoom-value=\"0.8\" data-stack-section-transparency-value=\"0\" data-stack-section-blur-value=\"10\" class=\"elementor-section elementor-top-section elementor-element elementor-element-af24958 elementor-section-full_width elementor-section-height-min-height elementor-section-items-stretch sc_stack_section_on sc_stack_section_zoom_on elementor-section-height-default sc_fly_static sc_stack_section_effect_slide\" data-id=\"af24958\" data-element_type=\"section\" data-e-type=\"section\">\n\t\t\t\t\t\t<div class=\"elementor-container elementor-column-gap-no\">\n\t\t\t\t\t<div class=\"elementor-column elementor-col-50 elementor-top-column elementor-element elementor-element-743afeb0 sc_content_align_inherit sc_layouts_column_icons_position_left sc_fly_static\" data-id=\"743afeb0\" data-element_type=\"column\" data-e-type=\"column\" data-settings=\"{&quot;background_background&quot;:&quot;classic&quot;}\">\n\t\t\t<div class=\"elementor-widget-wrap elementor-element-populated\">\n\t\t\t\t\t\t<div class=\"elementor-element elementor-element-8e635b3 sc_fly_static elementor-widget elementor-widget-spacer\" data-id=\"8e635b3\" data-element_type=\"widget\" data-e-type=\"widget\" data-widget_type=\"spacer.default\">\n\t\t\t\t<div class=\"elementor-widget-container\">\n\t\t\t\t\t\t\t<div class=\"elementor-spacer\">\n\t\t\t<div class=\"elementor-spacer-inner\"><\/div>\n\t\t<\/div>\n\t\t\t\t\t\t<\/div>\n\t\t\t\t<\/div>\n\t\t\t\t\t<\/div>\n\t\t<\/div>\n\t\t\t\t<div class=\"elementor-column elementor-col-50 elementor-top-column elementor-element elementor-element-44eecda3 scheme_light sc_content_align_inherit sc_layouts_column_icons_position_left sc_fly_static\" data-id=\"44eecda3\" data-element_type=\"column\" data-e-type=\"column\" data-settings=\"{&quot;background_background&quot;:&quot;classic&quot;}\">\n\t\t\t<div class=\"elementor-widget-wrap elementor-element-populated\">\n\t\t\t\t\t\t<div class=\"elementor-element elementor-element-39ece55d sc_fly_static elementor-widget elementor-widget-heading\" data-id=\"39ece55d\" data-element_type=\"widget\" data-e-type=\"widget\" data-widget_type=\"heading.default\">\n\t\t\t\t<div class=\"elementor-widget-container\">\n\t\t\t\t\t<h5 class=\"elementor-heading-title elementor-size-default\">03<\/h5>\t\t\t\t<\/div>\n\t\t\t\t<\/div>\n\t\t\t\t<div class=\"elementor-element elementor-element-52381654 sc_fly_static elementor-widget elementor-widget-trx_sc_title\" data-id=\"52381654\" data-element_type=\"widget\" data-e-type=\"widget\" data-widget_type=\"trx_sc_title.default\">\n\t\t\t\t<div class=\"elementor-widget-container\">\n\t\t\t\t\t<div\t\tclass=\"sc_title sc_title_default\" ><span class=\"sc_item_subtitle sc_title_subtitle sc_item_subtitle_above sc_item_title_style_default sc_item_subtitle_with_custom_color trx_addons_inline_337413988\">Metalurgia<\/span><h1 class=\"sc_item_title sc_title_title sc_item_title_style_default sc_item_title_tag trx_addons_inline_1707416521\"\n\t\t\t><span class=\"sc_item_title_text\">Procedimientos de fabricaci\u00f3n<\/span><\/h1><div class=\"sc_item_descr sc_title_descr sc_item_descr_with_custom_color trx_addons_inline_1974281737\"><p>Corte y mecanizado de alta precisi\u00f3n<\/p>\n<\/div><\/div>\t\t\t\t<\/div>\n\t\t\t\t<\/div>\n\t\t\t\t<div class=\"elementor-element elementor-element-2478678a sc_fly_static elementor-widget elementor-widget-trx_sc_button\" data-id=\"2478678a\" data-element_type=\"widget\" data-e-type=\"widget\" data-widget_type=\"trx_sc_button.default\">\n\t\t\t\t<div class=\"elementor-widget-container\">\n\t\t\t\t\t<div\tclass=\"sc_item_button sc_button_wrap\" ><a href=\"https:\/\/lincolnmpg.com\/portfolio\/maquinado\/\" class=\"sc_button sc_button_simple sc_button_size_normal sc_button_icon_left color_style_dark\" ><span class=\"sc_button_text\"><span class=\"sc_button_title\">Saber m\u00e1s<\/span><\/span><\/a><\/div>\t\t\t\t<\/div>\n\t\t\t\t<\/div>\n\t\t\t\t\t<\/div>\n\t\t<\/div>\n\t\t\t\t\t<\/div>\n\t\t<\/section>\n\t\t\t\t<section class=\"elementor-section elementor-top-section elementor-element elementor-element-f71afa0 elementor-section-boxed elementor-section-height-default elementor-section-height-default sc_fly_static\" data-id=\"f71afa0\" data-element_type=\"section\" data-e-type=\"section\">\n\t\t\t\t\t\t<div class=\"elementor-container elementor-column-gap-extended\">\n\t\t\t\t\t<div class=\"elementor-column elementor-col-100 elementor-top-column elementor-element elementor-element-08f46c6 sc_content_align_inherit sc_layouts_column_icons_position_left sc_fly_static\" data-id=\"08f46c6\" data-element_type=\"column\" data-e-type=\"column\">\n\t\t\t<div class=\"elementor-widget-wrap elementor-element-populated\">\n\t\t\t\t\t\t<div class=\"elementor-element elementor-element-026587e sc_height_huge sc_fly_static elementor-widget elementor-widget-spacer\" data-id=\"026587e\" data-element_type=\"widget\" data-e-type=\"widget\" data-widget_type=\"spacer.default\">\n\t\t\t\t<div class=\"elementor-widget-container\">\n\t\t\t\t\t\t\t<div class=\"elementor-spacer\">\n\t\t\t<div class=\"elementor-spacer-inner\"><\/div>\n\t\t<\/div>\n\t\t\t\t\t\t<\/div>\n\t\t\t\t<\/div>\n\t\t\t\t<div class=\"elementor-element elementor-element-a41da4d sc_height_huge sc_fly_static elementor-widget elementor-widget-spacer\" data-id=\"a41da4d\" data-element_type=\"widget\" data-e-type=\"widget\" data-widget_type=\"spacer.default\">\n\t\t\t\t<div class=\"elementor-widget-container\">\n\t\t\t\t\t\t\t<div class=\"elementor-spacer\">\n\t\t\t<div class=\"elementor-spacer-inner\"><\/div>\n\t\t<\/div>\n\t\t\t\t\t\t<\/div>\n\t\t\t\t<\/div>\n\t\t\t\t\t<\/div>\n\t\t<\/div>\n\t\t\t\t\t<\/div>\n\t\t<\/section>\n\t\t\t\t<\/div>\n\t\t","protected":false},"excerpt":{"rendered":"<p>Nuestro Proceso 1. An\u00e1lisis y dise\u00f1o Entendemos tu necesidad y desarrollamos la soluci\u00f3n ideal. 2. Fabricaci\u00f3n avanzada Utilizamos procesos como CNC, soldadura especializada y corte Water Jet. 3. Control de&hellip;<\/p>\n","protected":false},"author":1,"featured_media":0,"parent":0,"menu_order":0,"comment_status":"closed","ping_status":"closed","template":"","meta":{"footnotes":""},"class_list":["post-30340","page","type-page","status-publish","hentry"],"_links":{"self":[{"href":"https:\/\/lincolnmpg.com\/es_mx\/wp-json\/wp\/v2\/pages\/30340","targetHints":{"allow":["GET"]}}],"collection":[{"href":"https:\/\/lincolnmpg.com\/es_mx\/wp-json\/wp\/v2\/pages"}],"about":[{"href":"https:\/\/lincolnmpg.com\/es_mx\/wp-json\/wp\/v2\/types\/page"}],"author":[{"embeddable":true,"href":"https:\/\/lincolnmpg.com\/es_mx\/wp-json\/wp\/v2\/users\/1"}],"replies":[{"embeddable":true,"href":"https:\/\/lincolnmpg.com\/es_mx\/wp-json\/wp\/v2\/comments?post=30340"}],"version-history":[{"count":49,"href":"https:\/\/lincolnmpg.com\/es_mx\/wp-json\/wp\/v2\/pages\/30340\/revisions"}],"predecessor-version":[{"id":58296,"href":"https:\/\/lincolnmpg.com\/es_mx\/wp-json\/wp\/v2\/pages\/30340\/revisions\/58296"}],"wp:attachment":[{"href":"https:\/\/lincolnmpg.com\/es_mx\/wp-json\/wp\/v2\/media?parent=30340"}],"curies":[{"name":"wp","href":"https:\/\/api.w.org\/{rel}","templated":true}]}}